{"id":449,"date":"2021-04-06T15:50:09","date_gmt":"2021-04-06T15:50:09","guid":{"rendered":"https:\/\/wegcwp.uni-graz.at\/carbmanage\/?page_id=449"},"modified":"2025-01-02T23:34:14","modified_gmt":"2025-01-02T23:34:14","slug":"youcarb-pcm-de","status":"publish","type":"page","link":"https:\/\/wegcwp.uni-graz.at\/carbmanage\/de\/youcarb-pcm-de\/","title":{"rendered":"Personal Carbon Management"},"content":{"rendered":"\n<figure class=\"wp-block-image size-large\"><img loading=\"lazy\" decoding=\"async\" width=\"850\" height=\"213\" src=\"http:\/\/wegcwp.uni-graz.at\/carbmanage\/wp-content\/uploads\/sites\/8\/2021\/04\/persCM-UniGraz_Img_c_EUM04_NASA02_USGS91_KLGA02_WEGC04-2.png\" alt=\"\" class=\"wp-image-652\" srcset=\"https:\/\/wegcwp.uni-graz.at\/carbmanage\/wp-content\/uploads\/sites\/8\/2021\/04\/persCM-UniGraz_Img_c_EUM04_NASA02_USGS91_KLGA02_WEGC04-2.png 850w, https:\/\/wegcwp.uni-graz.at\/carbmanage\/wp-content\/uploads\/sites\/8\/2021\/04\/persCM-UniGraz_Img_c_EUM04_NASA02_USGS91_KLGA02_WEGC04-2-300x75.png 300w, https:\/\/wegcwp.uni-graz.at\/carbmanage\/wp-content\/uploads\/sites\/8\/2021\/04\/persCM-UniGraz_Img_c_EUM04_NASA02_USGS91_KLGA02_WEGC04-2-768x192.png 768w\" sizes=\"auto, (max-width: 850px) 100vw, 850px\" \/><\/figure>\n\n\n\n<p class=\"has-text-color has-large-font-size\" style=\"color:#d16309\"><strong>Willkommen auf YouCarb.Earth!<\/strong><\/p>\n\n\n\n<p>Dieser Webspace wird vom <a href=\"https:\/\/wegcenter.uni-graz.at\" target=\"_blank\" rel=\"noreferrer noopener\">Wegener Center<\/a> der <a href=\"https:\/\/www.uni-graz.at\" target=\"_blank\" rel=\"noreferrer noopener\">Universit\u00e4t Graz<\/a> im Rahmen ihres Profilbildenden Bereichs <a href=\"https:\/\/climate-change.uni-graz.at\" target=\"_blank\" rel=\"noreferrer noopener\">Climate Change Graz<\/a> betrieben. Er dient als <strong>Plattform f\u00fcr Informationen und Austausch zu Personal Carbon Management (pCM)<\/strong>. Als eine der drei Formen von Carbon Management (CM) ist pCM ein neuer L\u00f6sungsansatz f\u00fcr wirksames Klimaschutz-Management, der Sie als Person, Familien, Haushalte und generell Netzwerke von Personen auf dem Weg unterst\u00fctzt, Ihren angemessenen Beitrag zu den Pariser Klimazielen zu erreichen.<br><br><strong><strong>Machen Sie mit<\/strong><\/strong> und lassen Sie sich ermutigen, auch <strong><strong>Ihren L\u00f6sungsweg zu den Pariser Klimazielen<\/strong><\/strong> einzubringen, im Sinne des <strong>pCM Mottos: <em>YouCarb \u2013 carbsmart to Paris<\/em>.<\/strong><\/p>\n\n\n\n<p class=\"has-text-color\" style=\"color:#d16309\"><br><strong><em>Was ist Personal Carbon Management \u2013 kurz gefasst:<\/em><\/strong><\/p>\n\n\n\n<p><strong>Personal Carbon Management (pCM) bietet forschungsbasiertes Wissen, Innovationen und Dienstleistungen f\u00fcr pers\u00f6nliche Einheiten<\/strong>, einschlie\u00dflich kleiner Gemeinschaften auf pers\u00f6nlicher Ebene von in der Regel weniger als zehn Personen (wie Haushalte, Familien, Einzelpersonen), um <strong>sie bei einem aktiven Management eines ziel- und l\u00f6sungsorientierten \u00dcbergangs zu einem nahezu klimaemissionsfreien pers\u00f6nlichen Lebensstil<\/strong> bis 2030 &#8211; 2040 &#8211; 2050 zu unterst\u00fctzen, in Einklang mit den Pariser Klimazielen von 2015, die Netto-Null<sup>(a)<\/sup>-Emissionen und klimaneutrale<sup>(b)<\/sup> pers\u00f6nliche Lebensstile so fr\u00fch wie m\u00f6glich in diesem Zeitraum erfordern.<br>Werfen Sie gerne auch einen Blick auf dieses <a href=\"https:\/\/www.youtube.com\/watch?v=XRsb_nRiAT4\" data-type=\"URL\" data-id=\"https:\/\/www.youtube.com\/watch?v=XRsb_nRiAT4\" target=\"_blank\" rel=\"noreferrer noopener\">Kurzvideo zu pCM<\/a> (Juni 2021 \u00a9UniGraz\/Koppelhuber).<\/p>\n\n\n\n<p class=\"has-small-font-size\"><strong><em>Definitionen-Fu\u00dfzeile:<\/em><\/strong><br>(a)<em> Netto-Null:<\/em> Summe der prozentuellen THG-Emissionsreduktion und THG-Entfernung aus der Atmosph\u00e4re relativ zur THG-Menge der Referenz-Emissionsbilanz [tCO2eq] (RefEms2020, Start der Zielpfade) ergibt 100(\u00b15) % in einem zuk\u00fcnftigen Jahr (z.B. 2030), wobei der Emissionsreduktionsanteil weniger als 90 % betr\u00e4gt.<br>(b)<em> Klimaneutral:<\/em> Summe der prozentuellen THG-Emissionsreduktion und -Entfernung relativ zur Referenzemissionsmenge [tCO2eq] ergibt wie f\u00fcr Netto-Null Emissionen 100(\u00b15) % in einem zuk\u00fcnftigen Jahr (z.B. 2040), jedoch betr\u00e4gt der Emissionsreduktionsanteil mindestens 90 %.<\/p>\n\n\n\n<p><br><strong>F\u00fcr eine allgemeine Einf\u00fchrung<\/strong> <strong>zu<\/strong> <strong>Carbon Management (CM)<\/strong>, einschlie\u00dflich zu <a href=\"https:\/\/wegcwp.uni-graz.at\/carbmanage\/de\/pubcarb-pcm-de\/\" data-type=\"URL\" data-id=\"https:\/\/wegcwp.uni-graz.at\/carbmanage\/de\/pubcarb-pcm-de\/\">Public Carbon Management (PCM)<\/a> und <a href=\"https:\/\/wegcwp.uni-graz.at\/carbmanage\/de\/wecarb-icm-de\/\" data-type=\"URL\" data-id=\"https:\/\/wegcwp.uni-graz.at\/carbmanage\/de\/wecarb-icm-de\/\">Institutional Carbon Management (ICM)<\/a>, besuchen Sie <a href=\"https:\/\/wegcwp.uni-graz.at\/carbmanage\/de\/cm-de\/\" data-type=\"URL\" data-id=\"https:\/\/wegcwp.uni-graz.at\/carbmanage\/de\/cm-de\/\">CarbManage.Earth<\/a> (alternativ via <a href=\"https:\/\/wegcwp.uni-graz.at\/carbmanage\/de\/cm-de\/\" data-type=\"URL\" data-id=\"https:\/\/wegcwp.uni-graz.at\/carbmanage\/de\/cm-de\/\">carbsmart2Paris.earth<\/a>). Diese allgemeine Webpage <a href=\"https:\/\/wegcwp.uni-graz.at\/carbmanage\/de\/cm-de\/\">CarbManage.Earth<\/a> enth\u00e4lt auch ausgew\u00e4hlte Links zu detaillierten weiteren CM Infos.<\/p>\n\n\n\n<p><strong><strong><strong>Der Webspace ist seit 2021 online und wird wiederholt aktualisiert \u2013 bleiben Sie dran.<\/strong><\/strong><\/strong><\/p>\n","protected":false},"excerpt":{"rendered":"<p>Willkommen auf YouCarb.Earth! Dieser Webspace wird vom Wegener Center der Universit\u00e4t Graz im Rahmen ihres Profilbildenden Bereichs Climate Change Graz betrieben. Er dient als Plattform f\u00fcr Informationen und Austausch zu Personal Carbon Management (pCM). Als eine der drei Formen von<\/p>\n","protected":false},"author":6,"featured_media":0,"parent":0,"menu_order":0,"comment_status":"closed","ping_status":"closed","template":"","meta":{"footnotes":""},"class_list":["post-449","page","type-page","status-publish","hentry"],"_links":{"self":[{"href":"https:\/\/wegcwp.uni-graz.at\/carbmanage\/wp-json\/wp\/v2\/pages\/449","targetHints":{"allow":["GET"]}}],"collection":[{"href":"https:\/\/wegcwp.uni-graz.at\/carbmanage\/wp-json\/wp\/v2\/pages"}],"about":[{"href":"https:\/\/wegcwp.uni-graz.at\/carbmanage\/wp-json\/wp\/v2\/types\/page"}],"author":[{"embeddable":true,"href":"https:\/\/wegcwp.uni-graz.at\/carbmanage\/wp-json\/wp\/v2\/users\/6"}],"replies":[{"embeddable":true,"href":"https:\/\/wegcwp.uni-graz.at\/carbmanage\/wp-json\/wp\/v2\/comments?post=449"}],"version-history":[{"count":27,"href":"https:\/\/wegcwp.uni-graz.at\/carbmanage\/wp-json\/wp\/v2\/pages\/449\/revisions"}],"predecessor-version":[{"id":1258,"href":"https:\/\/wegcwp.uni-graz.at\/carbmanage\/wp-json\/wp\/v2\/pages\/449\/revisions\/1258"}],"wp:attachment":[{"href":"https:\/\/wegcwp.uni-graz.at\/carbmanage\/wp-json\/wp\/v2\/media?parent=449"}],"curies":[{"name":"wp","href":"https:\/\/api.w.org\/{rel}","templated":true}]}}