{"id":464,"date":"2021-04-06T16:01:18","date_gmt":"2021-04-06T16:01:18","guid":{"rendered":"https:\/\/wegcwp.uni-graz.at\/carbmanage\/?page_id=464"},"modified":"2025-01-03T00:08:25","modified_gmt":"2025-01-03T00:08:25","slug":"impressum","status":"publish","type":"page","link":"https:\/\/wegcwp.uni-graz.at\/carbmanage\/de\/impressum\/","title":{"rendered":"Impressum"},"content":{"rendered":"\n<p class=\"has-text-color\" style=\"color:#558335;font-size:19px\"><strong>Copyright<\/strong><\/p>\n\n\n\n<p><strong>Wegener Center f\u00fcr Klima und Globalen Wandel<\/strong><br><strong>Universit\u00e4t Graz<\/strong><br>Brandhofgasse 5<br>8010 Graz, \u00d6sterreich<\/p>\n\n\n\n<p>Web: <a href=\"https:\/\/wegcenter.uni-graz.at\" data-type=\"URL\" data-id=\"wegcenter.uni-graz.at\" target=\"_blank\" rel=\"noreferrer noopener\">wegcenter.uni-graz.at<\/a><br>Tel.: +43-316-380 8470<br>Mail: <a href=\"mailto:wegcenter@uni-graz.at\">wegcenter@uni-graz.at<\/a><br><\/p>\n\n\n\n<p><\/p>\n\n\n\n<h1 class=\"wp-block-heading has-text-color\" style=\"color:#558335;font-size:19px\"><strong>Nutzungsbedingungen<\/strong><\/h1>\n\n\n\n<div class=\"wp-block-media-text is-stacked-on-mobile\" style=\"grid-template-columns:15% auto\"><figure class=\"wp-block-media-text__media\"><img loading=\"lazy\" decoding=\"async\" width=\"100\" height=\"35\" src=\"https:\/\/wegcwp.uni-graz.at\/carbmanage\/wp-content\/uploads\/sites\/8\/2021\/03\/carbmanage_by-nc.jpg\" alt=\"\" class=\"wp-image-110 size-full\" \/><\/figure><div class=\"wp-block-media-text__content\">\n<p class=\"has-medium-font-size\">(c) 2025 Wegener Center, Universit\u00e4t Graz, \u00d6sterreich<\/p>\n<\/div><\/div>\n\n\n\n<p>Die Verwendung von Texten, Bildern, Tabellen oder jeglichen anderen Daten und Tools von dieser Website ist unter der geltenden <a href=\"https:\/\/creativecommons.org\/licenses\/by-nc\/4.0\/deed.de\" data-type=\"URL\" data-id=\"https:\/\/creativecommons.org\/licenses\/by-nc\/3.0\/at\/deed.de\" target=\"_blank\" rel=\"noreferrer noopener\">CC BY-NC 4.0 Lizenz<\/a> f\u00fcr nicht-kommerzielle Zwecke gestattet, sofern die Quelle korrekt angegeben wird (Vorschlag f\u00fcr die k\u00fcrzeste Form: \u201eCM UniGraz 2025\u201c). F\u00fcr alle anderen Zwecke kontaktieren Sie bitte: wegcenter@uni-graz.at<\/p>\n\n\n\n<p class=\"has-text-align-left\"><\/p>\n\n\n\n<h2 class=\"wp-block-heading has-text-color\" style=\"color:#558335;font-size:19px\"><strong>Benutzungshinweise und Haftungsausschluss<\/strong><\/h2>\n\n\n\n<p>Die Informationen dieser Website (Texte, Bilder, Tabellen, jegliche weitere Daten und Tools) werden von den MitarbeiterInnen des Wegener Centers auf h\u00f6chstem wissenschaftlichen und technischen Standard erstellt. Auch werden die Informationen laufend gepr\u00fcft und aktualisiert.<\/p>\n\n\n\n<p>Trotz aller Sorgfalt k\u00f6nnen Fehler vorkommen oder die Daten teilweise nicht mehr aktuell sein. Eine Haftung oder Garantie f\u00fcr die Aktualit\u00e4t, Richtigkeit und Vollst\u00e4ndigkeit der zur Verf\u00fcgung gestellten Informationen kann daher nicht \u00fcbernommen werden. Das Wegener Center beh\u00e4lt sich auch vor, Informationen jederzeit und ohne Vorank\u00fcndigung zu \u00e4ndern, zu erg\u00e4nzen oder zu entfernen.<\/p>\n\n\n\n<p>F\u00fcr allf\u00e4llige Sch\u00e4den jedweder Art, direkt oder indirekt, die sich aus der Verwendung der Inhalte der Website ergeben, wird keine Haftung \u00fcbernommen.<\/p>\n\n\n\n<p>Weiters schlie\u00dft das Wegener Center jede Verantwortung oder Haftung f\u00fcr Inhalte von Internetseiten aus, auf die mit einem Link verwiesen wird, ebenso wie f\u00fcr Seiten, von denen auf diese Website verwiesen wird.<\/p>\n","protected":false},"excerpt":{"rendered":"<p>Copyright Wegener Center f\u00fcr Klima und Globalen WandelUniversit\u00e4t GrazBrandhofgasse 58010 Graz, \u00d6sterreich Web: wegcenter.uni-graz.atTel.: +43-316-380 8470Mail: wegcenter@uni-graz.at Nutzungsbedingungen (c) 2025 Wegener Center, Universit\u00e4t Graz, \u00d6sterreich Die Verwendung von Texten, Bildern, Tabellen oder jeglichen anderen Daten und Tools von dieser Website<\/p>\n","protected":false},"author":6,"featured_media":0,"parent":0,"menu_order":0,"comment_status":"closed","ping_status":"closed","template":"","meta":{"footnotes":""},"class_list":["post-464","page","type-page","status-publish","hentry"],"_links":{"self":[{"href":"https:\/\/wegcwp.uni-graz.at\/carbmanage\/wp-json\/wp\/v2\/pages\/464","targetHints":{"allow":["GET"]}}],"collection":[{"href":"https:\/\/wegcwp.uni-graz.at\/carbmanage\/wp-json\/wp\/v2\/pages"}],"about":[{"href":"https:\/\/wegcwp.uni-graz.at\/carbmanage\/wp-json\/wp\/v2\/types\/page"}],"author":[{"embeddable":true,"href":"https:\/\/wegcwp.uni-graz.at\/carbmanage\/wp-json\/wp\/v2\/users\/6"}],"replies":[{"embeddable":true,"href":"https:\/\/wegcwp.uni-graz.at\/carbmanage\/wp-json\/wp\/v2\/comments?post=464"}],"version-history":[{"count":8,"href":"https:\/\/wegcwp.uni-graz.at\/carbmanage\/wp-json\/wp\/v2\/pages\/464\/revisions"}],"predecessor-version":[{"id":1277,"href":"https:\/\/wegcwp.uni-graz.at\/carbmanage\/wp-json\/wp\/v2\/pages\/464\/revisions\/1277"}],"wp:attachment":[{"href":"https:\/\/wegcwp.uni-graz.at\/carbmanage\/wp-json\/wp\/v2\/media?parent=464"}],"curies":[{"name":"wp","href":"https:\/\/api.w.org\/{rel}","templated":true}]}}