{"id":470,"date":"2021-04-06T16:09:01","date_gmt":"2021-04-06T16:09:01","guid":{"rendered":"https:\/\/wegcwp.uni-graz.at\/carbmanage\/?page_id=470"},"modified":"2025-01-02T23:56:17","modified_gmt":"2025-01-02T23:56:17","slug":"kontakt","status":"publish","type":"page","link":"https:\/\/wegcwp.uni-graz.at\/carbmanage\/de\/kontakt\/","title":{"rendered":"Kontakt"},"content":{"rendered":"\n<p class=\"has-text-color\" style=\"color:#558335;font-size:19px\"><strong><strong>Carbon Management Kerninstitut<\/strong><\/strong><\/p>\n\n\n\n<p><strong>Wegener Center f\u00fcr Klima und Globalen Wandel<\/strong><br><strong>Universit\u00e4t Graz<\/strong><br>Adresse: Brandhofgasse 5, 8010 Graz, \u00d6sterreich<br>Mail: wegcenter@uni-graz.at<br>Telefon: +43-316-380 8470<\/p>\n\n\n\n<p class=\"has-text-color\" style=\"color:#558335;font-size:19px\"><br><strong><strong>Carbon Management Kernteam<\/strong><\/strong><\/p>\n\n\n\n<p>Gottfried Kirchengast (CM Wissenschaftlicher Leiter &amp; Projektleiter)<br>Julia Danzer (CM Senior Expert Scientist &amp; Projektkoordinatorin)<br>Stefanie H\u00f6lbling (CM Expert Scientist)<\/p>\n\n\n\n<p>F\u00fcr weitere Kontaktdaten siehe die <a rel=\"noreferrer noopener\" href=\"https:\/\/wegcenter.uni-graz.at\/de\/carbmanage\/team\/\" data-type=\"URL\" data-id=\"https:\/\/wegcenter.uni-graz.at\/de\/carbmanage\/team\/\" target=\"_blank\">CM Team Webpage<\/a>.<\/p>\n\n\n\n<p><\/p>\n","protected":false},"excerpt":{"rendered":"<p>Carbon Management Kerninstitut Wegener Center f\u00fcr Klima und Globalen WandelUniversit\u00e4t GrazAdresse: Brandhofgasse 5, 8010 Graz, \u00d6sterreichMail: wegcenter@uni-graz.atTelefon: +43-316-380 8470 Carbon Management Kernteam Gottfried Kirchengast (CM Wissenschaftlicher Leiter &amp; Projektleiter)Julia Danzer (CM Senior Expert Scientist &amp; Projektkoordinatorin)Stefanie H\u00f6lbling (CM Expert Scientist)<\/p>\n","protected":false},"author":6,"featured_media":0,"parent":0,"menu_order":0,"comment_status":"closed","ping_status":"closed","template":"","meta":{"footnotes":""},"class_list":["post-470","page","type-page","status-publish","hentry"],"_links":{"self":[{"href":"https:\/\/wegcwp.uni-graz.at\/carbmanage\/wp-json\/wp\/v2\/pages\/470","targetHints":{"allow":["GET"]}}],"collection":[{"href":"https:\/\/wegcwp.uni-graz.at\/carbmanage\/wp-json\/wp\/v2\/pages"}],"about":[{"href":"https:\/\/wegcwp.uni-graz.at\/carbmanage\/wp-json\/wp\/v2\/types\/page"}],"author":[{"embeddable":true,"href":"https:\/\/wegcwp.uni-graz.at\/carbmanage\/wp-json\/wp\/v2\/users\/6"}],"replies":[{"embeddable":true,"href":"https:\/\/wegcwp.uni-graz.at\/carbmanage\/wp-json\/wp\/v2\/comments?post=470"}],"version-history":[{"count":10,"href":"https:\/\/wegcwp.uni-graz.at\/carbmanage\/wp-json\/wp\/v2\/pages\/470\/revisions"}],"predecessor-version":[{"id":1268,"href":"https:\/\/wegcwp.uni-graz.at\/carbmanage\/wp-json\/wp\/v2\/pages\/470\/revisions\/1268"}],"wp:attachment":[{"href":"https:\/\/wegcwp.uni-graz.at\/carbmanage\/wp-json\/wp\/v2\/media?parent=470"}],"curies":[{"name":"wp","href":"https:\/\/api.w.org\/{rel}","templated":true}]}}