{"id":476,"date":"2021-04-06T16:16:10","date_gmt":"2021-04-06T16:16:10","guid":{"rendered":"https:\/\/wegcwp.uni-graz.at\/carbmanage\/?page_id=476"},"modified":"2025-01-03T00:10:18","modified_gmt":"2025-01-03T00:10:18","slug":"datenschutzerklarung","status":"publish","type":"page","link":"https:\/\/wegcwp.uni-graz.at\/carbmanage\/de\/datenschutzerklarung\/","title":{"rendered":"Datenschutzerkl\u00e4rung"},"content":{"rendered":"\n<p class=\"has-text-color\" style=\"color:#558335;font-size:19px\"><strong>Universit\u00e4t Graz Datenschutzerkl\u00e4rung<\/strong><\/p>\n\n\n\n<p>Die Universit\u00e4t Graz legt gro\u00dfen Wert auf den Schutz der personenbezogenen Daten ihrer Nutzer, Lieferanten und Kunden. Wir behandeln Ihre personenbezogenen Daten vertraulich und verarbeiten sie gem\u00e4\u00df den gesetzlichen Datenschutzbestimmungen. Aus diesem Grund informieren wir Sie \u00fcber Zweck und Umfang der von uns durchgef\u00fchrten Datenverarbeitung.<\/p>\n\n\n\n<p class=\"has-text-color\" style=\"color:#558335;font-size:19px\"><br><strong>Welche Daten werden verarbeitet und wie lange werden sie gespeichert?<\/strong><\/p>\n\n\n\n<p>Wir verarbeiten keine personenbezogenen Daten, wenn Sie die Login-Funktion dieser Website nicht nutzen [Anmerkung: f\u00fcr diese Website ist derzeit keine Login-Funktion aktiviert]. Wir verarbeiten die folgenden personenbezogenen Daten, wenn Sie die Anmeldefunktion f\u00fcr den Zugriff auf Informationen, Daten, Tools und Dienste verwenden, f\u00fcr die eine grundlegende Registrierung erforderlich ist: E-Mail-Adresse, Vorname, Nachname, Auswahl zwischen nichtkommerziell oder Sonstiges Interesse und eine kurze Mitteilung \u00fcber den Grund des Interesses von 10 bis 30 W\u00f6rtern, die Sie bei der Registrierung f\u00fcr die Anmeldung in das Registrierungsformular eingeben m\u00fcssen.<br>Die Daten werden f\u00fcr die Registrierung und den Zugriff auf Informationen (Daten, Tools und Dienste), die ein Login ben\u00f6tigen, sowie f\u00fcr Nutzungsstatistiken verarbeitet. Dar\u00fcber hinaus verwenden wir Ihre E-Mail-Adresse, um Sie bei Bedarf f\u00fcr Informationen mit Bezug zur Nutzung dieser Website zu kontaktieren. Wir verarbeiten Ihre personenbezogenen Daten nur so weit wie n\u00f6tig f\u00fcr die Zeit bis zur gew\u00fcnschten L\u00f6schung oder Einschr\u00e4nkung und dar\u00fcber hinaus f\u00fcr die Dauer der gesetzlichen Aufbewahrungsfristen und Dokumentationspflichten.<\/p>\n\n\n\n<p class=\"has-text-color\" style=\"color:#558335;font-size:19px\"><br><strong>Wer erh\u00e4lt Ihre Daten?<\/strong><\/p>\n\n\n\n<p>Ihre Daten werden nur am Wegener Center der Universit\u00e4t Graz verarbeitet. Es erfolgt keine \u00dcbertragung an externe Empf\u00e4nger.<\/p>\n\n\n\n<p class=\"has-text-color\" style=\"color:#558335;font-size:19px\"><br><strong>Welche Datenschutzrechte haben Sie?<\/strong><\/p>\n\n\n\n<p>Sie haben folgende Grundrechte. Wenn Sie diese Rechte aus\u00fcben m\u00f6chten, k\u00f6nnen Sie dies informell ohne Angabe von Gr\u00fcnden per E-Mail an wegcenter@uni-graz.at tun:<br>Recht auf Auskunft \u00fcber die betreffenden personenbezogenen Daten,<br>Recht auf Berichtigung,<br>Recht auf L\u00f6schung,<br>Recht auf Beschr\u00e4nkung,<br>Recht auf Daten\u00fcbertragbarkeit und<br>Recht auf Beschwerde.<br>Wenn Sie der Meinung sind, dass die Verarbeitung Ihrer Daten das Datenschutzgesetz beeintr\u00e4chtigt oder Ihre datenschutzrechtlichen Anspr\u00fcche in irgendeiner Weise verletzt werden, k\u00f6nnen Sie eine Beschwerde bei der \u00d6sterreichischen Datenschutzbeh\u00f6rde in der Wickenburggasse 8, 1080 Wien, Telefon, einreichen. Telefon: +43 152 152-0, Mail: dsb@dsb.gv.at<\/p>\n\n\n\n<p class=\"has-text-color\" style=\"color:#558335;font-size:19px\"><br><strong>Wer ist f\u00fcr die Datenverarbeitung verantwortlich und an wen k\u00f6nnen Sie sich wenden?<\/strong><\/p>\n\n\n\n<p>Die Verantwortung f\u00fcr die Datenverarbeitung liegt bei:<br>Universit\u00e4t Graz \u2013 Wegener Center f\u00fcr Klima und Globalen Wandel<br>Brandhofgasse 5, 8010 Graz, Mail: wegcenter@uni-graz.at<br>Sie k\u00f6nnen die\/den Datenschutzbeauftragte\/n der Universit\u00e4t Graz unter dsba@uni-graz.at kontaktieren.<\/p>\n","protected":false},"excerpt":{"rendered":"<p>Universit\u00e4t Graz Datenschutzerkl\u00e4rung Die Universit\u00e4t Graz legt gro\u00dfen Wert auf den Schutz der personenbezogenen Daten ihrer Nutzer, Lieferanten und Kunden. Wir behandeln Ihre personenbezogenen Daten vertraulich und verarbeiten sie gem\u00e4\u00df den gesetzlichen Datenschutzbestimmungen. Aus diesem Grund informieren wir Sie \u00fcber<\/p>\n","protected":false},"author":6,"featured_media":0,"parent":0,"menu_order":0,"comment_status":"closed","ping_status":"closed","template":"","meta":{"footnotes":""},"class_list":["post-476","page","type-page","status-publish","hentry"],"_links":{"self":[{"href":"https:\/\/wegcwp.uni-graz.at\/carbmanage\/wp-json\/wp\/v2\/pages\/476","targetHints":{"allow":["GET"]}}],"collection":[{"href":"https:\/\/wegcwp.uni-graz.at\/carbmanage\/wp-json\/wp\/v2\/pages"}],"about":[{"href":"https:\/\/wegcwp.uni-graz.at\/carbmanage\/wp-json\/wp\/v2\/types\/page"}],"author":[{"embeddable":true,"href":"https:\/\/wegcwp.uni-graz.at\/carbmanage\/wp-json\/wp\/v2\/users\/6"}],"replies":[{"embeddable":true,"href":"https:\/\/wegcwp.uni-graz.at\/carbmanage\/wp-json\/wp\/v2\/comments?post=476"}],"version-history":[{"count":8,"href":"https:\/\/wegcwp.uni-graz.at\/carbmanage\/wp-json\/wp\/v2\/pages\/476\/revisions"}],"predecessor-version":[{"id":1279,"href":"https:\/\/wegcwp.uni-graz.at\/carbmanage\/wp-json\/wp\/v2\/pages\/476\/revisions\/1279"}],"wp:attachment":[{"href":"https:\/\/wegcwp.uni-graz.at\/carbmanage\/wp-json\/wp\/v2\/media?parent=476"}],"curies":[{"name":"wp","href":"https:\/\/api.w.org\/{rel}","templated":true}]}}