{"id":495,"date":"2021-04-12T07:20:51","date_gmt":"2021-04-12T07:20:51","guid":{"rendered":"https:\/\/wegcwp.uni-graz.at\/carbmanage\/?page_id=495"},"modified":"2025-01-02T23:48:46","modified_gmt":"2025-01-02T23:48:46","slug":"login-de","status":"publish","type":"page","link":"https:\/\/wegcwp.uni-graz.at\/carbmanage\/de\/login-de\/","title":{"rendered":"Login"},"content":{"rendered":"\n<p>Willkommen zur Login-Seite f\u00fcr den Registrierte-Benutzer-Bereich von CarbManage.Earth [Anmerkung: f\u00fcr diese Website ist derzeit keine Login-Funktion aktiviert].<\/p>\n\n\n\n<p style=\"font-size:30px\">Zur\u00fcck zu <a href=\"http:\/\/www.carbmanage.earth\">CM Home<\/a><\/p>\n","protected":false},"excerpt":{"rendered":"<p>Willkommen zur Login-Seite f\u00fcr den Registrierte-Benutzer-Bereich von CarbManage.Earth [Anmerkung: f\u00fcr diese Website ist derzeit keine Login-Funktion aktiviert]. Zur\u00fcck zu CM Home<\/p>\n","protected":false},"author":6,"featured_media":0,"parent":0,"menu_order":0,"comment_status":"closed","ping_status":"closed","template":"","meta":{"footnotes":""},"class_list":["post-495","page","type-page","status-publish","hentry"],"_links":{"self":[{"href":"https:\/\/wegcwp.uni-graz.at\/carbmanage\/wp-json\/wp\/v2\/pages\/495","targetHints":{"allow":["GET"]}}],"collection":[{"href":"https:\/\/wegcwp.uni-graz.at\/carbmanage\/wp-json\/wp\/v2\/pages"}],"about":[{"href":"https:\/\/wegcwp.uni-graz.at\/carbmanage\/wp-json\/wp\/v2\/types\/page"}],"author":[{"embeddable":true,"href":"https:\/\/wegcwp.uni-graz.at\/carbmanage\/wp-json\/wp\/v2\/users\/6"}],"replies":[{"embeddable":true,"href":"https:\/\/wegcwp.uni-graz.at\/carbmanage\/wp-json\/wp\/v2\/comments?post=495"}],"version-history":[{"count":8,"href":"https:\/\/wegcwp.uni-graz.at\/carbmanage\/wp-json\/wp\/v2\/pages\/495\/revisions"}],"predecessor-version":[{"id":1265,"href":"https:\/\/wegcwp.uni-graz.at\/carbmanage\/wp-json\/wp\/v2\/pages\/495\/revisions\/1265"}],"wp:attachment":[{"href":"https:\/\/wegcwp.uni-graz.at\/carbmanage\/wp-json\/wp\/v2\/media?parent=495"}],"curies":[{"name":"wp","href":"https:\/\/api.w.org\/{rel}","templated":true}]}}