{"id":502,"date":"2021-04-12T07:29:18","date_gmt":"2021-04-12T07:29:18","guid":{"rendered":"https:\/\/wegcwp.uni-graz.at\/carbmanage\/?page_id=502"},"modified":"2025-01-18T17:03:48","modified_gmt":"2025-01-18T17:03:48","slug":"cm-de","status":"publish","type":"page","link":"https:\/\/wegcwp.uni-graz.at\/carbmanage\/de\/cm-de\/","title":{"rendered":"CM Home"},"content":{"rendered":"\n<figure class=\"wp-block-image size-large\"><img loading=\"lazy\" decoding=\"async\" width=\"850\" height=\"213\" src=\"http:\/\/wegcwp.uni-graz.at\/carbmanage\/wp-content\/uploads\/sites\/8\/2021\/04\/CM-UniGraz_Img_c_EUM04_NASA02_USGS91_KLGA02_WEGC04-2.png\" alt=\"\" class=\"wp-image-638\" srcset=\"https:\/\/wegcwp.uni-graz.at\/carbmanage\/wp-content\/uploads\/sites\/8\/2021\/04\/CM-UniGraz_Img_c_EUM04_NASA02_USGS91_KLGA02_WEGC04-2.png 850w, https:\/\/wegcwp.uni-graz.at\/carbmanage\/wp-content\/uploads\/sites\/8\/2021\/04\/CM-UniGraz_Img_c_EUM04_NASA02_USGS91_KLGA02_WEGC04-2-300x75.png 300w, https:\/\/wegcwp.uni-graz.at\/carbmanage\/wp-content\/uploads\/sites\/8\/2021\/04\/CM-UniGraz_Img_c_EUM04_NASA02_USGS91_KLGA02_WEGC04-2-768x192.png 768w\" sizes=\"auto, (max-width: 850px) 100vw, 850px\" \/><\/figure>\n\n\n\n<p class=\"has-text-color has-large-font-size\" id=\"go-up-cm-home-de\" style=\"color:#558335\"><strong>Willkommen auf CarbManage.Earth!<\/strong><\/p>\n\n\n\n<p>Dieser Webspace wird vom <a href=\"https:\/\/wegcenter.uni-graz.at\" data-type=\"URL\" data-id=\"http:\/\/www.wegcenter.at\" target=\"_blank\" rel=\"noreferrer noopener\">Wegener Center<\/a> der <a href=\"https:\/\/www.uni-graz.at\" target=\"_blank\" rel=\"noreferrer noopener\">Universit\u00e4t Graz<\/a> im Rahmen ihres Profilbildenden Bereichs <a href=\"https:\/\/climate-change.uni-graz.at\/de\/\" data-type=\"URL\" data-id=\"https:\/\/climate-change.uni-graz.at\/de\/\" target=\"_blank\" rel=\"noreferrer noopener\">Climate Change Graz<\/a> betrieben. Er dient als <strong>Plattform f\u00fcr Informationen und Austausch zu Carbon Management (CM)<\/strong>, einem neuen L\u00f6sungsansatz f\u00fcr wirksames Klimaschutz-Management.<br>CM unterst\u00fctzt Akteure weltweit auf allen Ebenen, von ganzen Staaten \u00fcber Institutionen wie Unternehmen bis hin zu Einzelpersonen, selber erfolgreich und fair zum Abbau von Treibhausgasemissionen im Einklang mit den Pariser Klimazielen beizutragen. Untenstehend finden Sie<strong> <a href=\"#ausgewaehlte-cm-links\">Ausgew\u00e4hlte Links zu detaillierter CM Info<\/a><\/strong>, eine Einf\u00fchrung <strong><a href=\"#was-cm-ist\">Was CM ist \u2013 kurz gefasst<\/a><\/strong> und eine <a href=\"#ermutigung-auf-basis-unigraz\"><strong>Ermutigung auf Basis was Uni Graz tut<\/strong><\/a>.<\/p>\n\n\n\n<p><strong>Machen Sie mit<\/strong> und lassen Sie sich ermutigen, auch <strong>Ihren L\u00f6sungsweg zu den Pariser Klimazielen<\/strong> einzubringen, im Sinne des <strong>CM Mottos: <\/strong><em><strong>CarbManage \u2013 carbsmart to Paris<\/strong>.<\/em><\/p>\n\n\n\n<p class=\"has-text-color has-link-color wp-elements-9a34184d8b44a795e813f1eef54a06af\" id=\"ausgewaehlte-cm-links\" style=\"color:#558335\"><br><strong><em>Ausgew\u00e4hlte Links zu detaillierter CM Info<\/em>:<\/strong><\/p>\n\n\n\n<p><strong><em>2024:<\/em><\/strong><br><strong>o<\/strong> Update zum RB 1-2021 \u2013 CM Kurzeinf\u00fchrung Online (DE, EN): <a href=\"https:\/\/wegcenter.uni-graz.at\/de\/carbon-management\" target=\"_blank\" rel=\"noreferrer noopener\"><strong>Webintro &#8220;Carbon Management \u2013 Erfolgreich am Weg zur Klimaneutralit\u00e4t | The successful path to climate neutrality\u201d<\/strong><\/a> (Kirchengast et al., Wegener Center CM Website, 2024).<br><strong>o<\/strong> Update zum RB 1-2021 \u2013 CM Kurz\u00fcberblick (EN, 5p.): <a href=\"https:\/\/wegccloud.uni-graz.at\/s\/aioXycm8opgak7q\" target=\"_blank\" rel=\"noreferrer noopener\"><strong>Folienset \u201cCM Overview and PCM, ICM, pCM Slides\u201d<\/strong><\/a> (Kirchengast et al., CM Presentation Core Slides, 2024).<br><strong>o<\/strong> Update zum RB 1-2021 \u2013 CM Einf\u00fchrung &amp; \u00dcberblick (EN, 23p.): <a href=\"https:\/\/wegccloud.uni-graz.at\/s\/TB7YSGFXCJP3top\" target=\"_blank\" rel=\"noreferrer noopener\"><strong>Folienset \u201cCarbon Management (CM) \u2013 a new approach to achieve Paris-compliant climate goals: Introduction &amp; Overview\u201d<\/strong><\/a> (Kirchengast et al., CM Presentation, 2024).<br><strong>o<\/strong> CM in der Praxis \u2013 Umsetzungsfortschritte ICM UniGraz: <a href=\"https:\/\/wegccloud.uni-graz.at\/s\/cJD398FFLdDRj8r\" target=\"_blank\" rel=\"noreferrer noopener\"><strong>Beitrag \u201cEmissionen: Klimaneutrale Uni Graz und das Emissionsjahr 2023\u201d<\/strong><\/a> (H\u00f6lbling-Danzer, <em>in<\/em> Uni Graz Umwelterkl\u00e4rung 2023, 2024).<br><strong>o<\/strong> Wiss.Studie zur Reduktion von Mobilit\u00e4tsemissionen \u2013 CM Know-how Uni Graz (EN): <a href=\"https:\/\/doi.org\/10.1175\/BAMS-D-23-0160.1\" target=\"_blank\" rel=\"noreferrer noopener\"><strong>Fachartikel \u201cDecarbonizing conference travel: Testing a multi-hub approach\u201d<\/strong><\/a> (Kremser et al., BAMS, 2024).<\/p>\n\n\n\n<p><strong><em>2023:<\/em><\/strong><br><strong>o<\/strong> Update zum RB 1-2021 \u2013 Ziele von CM: <a href=\"https:\/\/wegccloud.uni-graz.at\/s\/qBQsSMgeSA7a2qX\" target=\"_blank\" rel=\"noreferrer noopener\"><strong>Infoblatt \u201cDie Carbon Management-Methode: \u00dcberblick zu den Zielen von PCM, ICM und pCM\u201d<\/strong><\/a>, welches auch die Definitionen von &#8216;Netto-Null&#8217; und &#8216;Klimaneutral&#8217; verfeinert (Kirchengast et al., CM Team Uni Graz, 2023).<br><strong>o<\/strong> CM in der Praxis \u2013 Beispiel Universit\u00e4ten &amp; Vorbild ICM UniGraz: <a href=\"https:\/\/wegccloud.uni-graz.at\/s\/mXmHjEZEpJLssGn\" target=\"_blank\" rel=\"noreferrer noopener\"><strong>Artikel \u201cVom Klimawissen zum Klimaschutz mittels Carbon Management: \u00d6sterreichische Universit\u00e4ten am Weg zur Klimaneutralit\u00e4t\u201d<\/strong><\/a> (Danzer et al., \u00d6GM bulletin, 2023).<br><strong>o<\/strong> CM Tool zur Emissionsberechnung im Bereich Mobilit\u00e4t \u2013 das <a href=\"https:\/\/carbontracer.uni-graz.at\" target=\"_blank\" rel=\"noreferrer noopener\"><strong>CarbonTracer<\/strong><\/a> Service: <a href=\"https:\/\/carbontracer.uni-graz.at\/docs\/CMInfo-CarbonTracerService_Aug2023.pdf\" target=\"_blank\" rel=\"noreferrer noopener\"><strong>Infodokument \u201cCarbon Tracer \u2013 ein Carbon Management Service der Uni Graz\u201d<\/strong><\/a> (Kirchengast et al., CM Team Uni Graz, 2023).<br><strong>o<\/strong> Wiss.Studie zu Mobilit\u00e4tsemissionen \u2013 Datenquelle ICM UniGraz (EN): <a href=\"https:\/\/doi.org\/10.1108\/IJSHE-03-2023-0081\" target=\"_blank\" rel=\"noreferrer noopener\"><strong>Fachartikel \u201cUnmasking mobility patterns: international travel behavior and emissions of scientists in a higher research institution\u201d<\/strong><\/a> (H\u00f6lbling et al., IJSHE, 2023).<\/p>\n\n\n\n<p><strong><em>2021:<\/em><\/strong><br><strong>o<\/strong> RB 1-2021 \u2013 April 2021: Ver\u00f6ffentlichung des Wegener Center <strong><span style=\"color:#558335\" class=\"has-inline-color\"><a href=\"https:\/\/doi.org\/10.25364\/23.2021.1\" data-type=\"URL\" data-id=\"https:\/\/doi.org\/10.25364\/23.2021.1\" target=\"_blank\" rel=\"noreferrer noopener\">Research Brief \u201cCarbon Management: a new approach to achieve Paris-compliant climate goals\u201d<\/a><\/span><\/strong> (EN, Vorwort &amp; Executive Summary auch DE), der die grundlegende Vorstellung von CM enth\u00e4lt (Kirchengast et al., Wegener Center RB, 2021). Erg\u00e4nzend finden Sie hier die <a href=\"https:\/\/www.uni-graz.at\/de\/neuigkeiten\/uni-graz-zeigt-vor\/\" data-type=\"URL\" data-id=\"https:\/\/news.uni-graz.at\/de\/detail\/article\/uni-graz-zeigt-vor\/\" target=\"_blank\" rel=\"noreferrer noopener\">zugeh\u00f6rige Presseaussendung<\/a>, ein <a href=\"https:\/\/wegcwp.uni-graz.at\/carbmanage\/de\/video-de\/\" data-type=\"page\" data-id=\"855\">Pr\u00e4sentations-Video<\/a> (DE; EN Version unter Sprache EN), das den Inhalt des RB in Vortragsform vorstellt, und ein <a href=\"https:\/\/www.youtube.com\/watch?v=r11BHemcbcU\" target=\"_blank\" rel=\"noreferrer noopener\">Kurzes Video zu CM<\/a> (Juni 2021 \u00a9UniGraz\/Koppelhuber).<br><strong>o<\/strong> CM als Chance \u2013 Beispiel Kulturinstitutionen und Vereine: <a href=\"https:\/\/wegccloud.uni-graz.at\/s\/p6RDeNGNL423itn\" target=\"_blank\" rel=\"noreferrer noopener\"><strong>Interview-Artikel &#8220;Carbon Management: Endlich bin ich Teil der L\u00f6sung&#8221;<\/strong><\/a> (Kirchengast-Wolkinger, Playbook Klimakultur|Strategien f\u00fcr einen nachhaltigen Kulturwandel, 2021).<br><strong>o<\/strong> Wiss.Studie zu Emissionen aus Gastronomie-Services \u2013 Beispiel ICM UniGraz (EN): <a href=\"https:\/\/doi.org\/10.3390\/su132413680\" target=\"_blank\" rel=\"noreferrer noopener\"><strong>Fachartikel \u201cLow carbon diet: Integrating gastronomy service emissions into the Carbon Management of the University of Graz\u201d<\/strong><\/a> (Harrer et al., Sustainability, 2021).<strong><em><span style=\"color:#558335\" class=\"has-inline-color\"><\/span><\/em><\/strong><\/p>\n\n\n\n<p class=\"has-text-color\" id=\"was-cm-ist\" style=\"color:#558335\"><br><em><strong>Was CM ist \u2013 kurz gefasst:<\/strong><\/em> <\/p>\n\n\n\n<p>Die <strong>Klimaschutz-Managementmethode &#8220;Carbon Management &#8211; carbsmart2Paris&#8221; (kurz CM) ist ein neuer L\u00f6sungsrahmen, um die Herausforderungen der Klimaziele des Pariser Abkommens zu meistern. <\/strong>Die Herausforderung, die globale Erw\u00e4rmung auf deutlich unter 2\u00b0C mit angestrebten 1,5\u00b0C zu begrenzen, ist nicht nur f\u00fcr die internationale Politik und alle L\u00e4nder weltweit tiefgreifend. Sie betrifft ebenso die darunterliegenden institutionellen Ebenen von Organisationen und Unternehmen bis hin auf die Ebene von Haushalten, Familien und Einzelpersonen.<br>Um gemeinsam die notwendige nachhaltige Transformation zu einer klimagerechten Gesellschaft, Wirtschaft und Lebensweise auf allen \u00f6ffentlichen, institutionellen und pers\u00f6nlichen Ebenen fair und effektiv zu erreichen, bedarf es eines professionellen l\u00f6sungsorientierten Ansatzes, um <strong>erfolgreich den eigenen Anteil zu einem global erfolgreichen Klimaschutz beizutragen.<\/strong><\/p>\n\n\n\n<p><strong>Carbon Management (CM) unterst\u00fctzt Akteure auf allen diesen Ebenen, mittels der drei Formen<\/strong> <a href=\"https:\/\/wegcwp.uni-graz.at\/carbmanage\/de\/pubcarb-pcm-de\/\"><strong>Public Carbon Management (PCM)<\/strong><\/a><strong>, <\/strong><a href=\"https:\/\/wegcwp.uni-graz.at\/carbmanage\/de\/wecarb-icm-de\/\"><strong>Institutional Carbon Management (ICM)<\/strong><\/a><strong>, und <\/strong><a href=\"https:\/\/wegcwp.uni-graz.at\/carbmanage\/de\/youcarb-pcm-de\/\"><strong>Personal Carbon Management (pCM)<\/strong><\/a>; siehe auch dieses <a href=\"https:\/\/wegccloud.uni-graz.at\/s\/qBQsSMgeSA7a2qX\" target=\"_blank\" rel=\"noreferrer noopener\"><strong>Infoblatt zu den Zielen von PCM, ICM und pCM<\/strong><\/a>. Diese haben den allgemeinen CM Ansatz gemeinsam, Akteur:innen dabei zu helfen, eine verl\u00e4ssliche Referenz-Emissionsbilanz zu erstellen (&#8220;RefEms2020 &#8211; CMRE2020&#8221;) und ausgehend von dieser Startbasis einen erfolgreichen Low Carbon-\u00dcbergang zu erzielen, indem sie mit den Pariser Klimazielen \u00fcbereinstimmende Jahrzehnt-Emissionsbudgets (z.B. CMDBs 2021-2030 und 2031-2040) samt entsprechender Reduktionszielpfade (CMTPs) festlegen und anwenden.<\/p>\n\n\n\n<p>In der Umsetzung werden <strong>alle relevanten Akteur:innen in die notwendigen Aktionsbereiche eingebunden, um Energie-, Mobilit\u00e4ts-, Ressourcen- und Bestandsver\u00e4nderungen zu erreichen, die zur Einhaltung der Reduktionsziele f\u00fchren<\/strong>.<strong> <\/strong>Sowohl die intra-institutionelle Akteurs- und Aktionsfeldstruktur (Aktionsfelder, Aktions-Teilfelder, Emissionsgruppen) als auch die Beziehungen zu externem Handeln sind relevant, ebenso wie ein dynamischer Decision Support Workflow (CMDSflow).<br>Dieser Entscheidungshilfe-Workflow unterst\u00fctzt den gesamten CM Prozess \u00fcber seinen quartalsweisen und j\u00e4hrlichen Verlauf, w\u00e4hrend er die Akteur:innen mittels &#8220;Erreichung-vs-Ziel&#8221;-Assessments regelm\u00e4\u00dfig \u00fcber den Fortschritt informiert. Er erm\u00f6glicht so laufend adaptive Verbesserungen, basierend auf zuverl\u00e4ssigem Emissionsmonitoring und akteursbasierten Modellierungen, die vorausschauendes Entscheiden unterst\u00fctzen. Siehe auch diese konzise Zusammenfassung der sechs Schl\u00fcsselemente (Schritte) von CM: <a href=\"https:\/\/wegcenter.uni-graz.at\/de\/unsere-forschung\/arsclisys\/carbmanage\/#c687336\" target=\"_blank\" rel=\"noreferrer noopener\"><strong>Sechs Schritte auf dem Weg  zur Klimaneutralit\u00e4t<\/strong><\/a> (Wegener Center CM Intro Webpage).<\/p>\n\n\n\n<p><strong>CM ist somit ein wirksamer Klimaschutz-Managementrahmen, um erfolgreich den eigenen Anteil zu einem global erfolgreichen Klimaschutz beizutragen<\/strong>.<strong> <\/strong>Angesichts des fundiert gesicherten Wissens \u00fcber die Physik des Klimawandels m\u00fcssen wir den physikalischen Realit\u00e4ten ins Auge sehen und daher <strong>die unausweichlich notwendige Transformation zu einer nahezu treibhausgas-emissionsfreien Gesellschaft<\/strong> klar und l\u00f6sungswillig unterst\u00fctzen, um die Pariser Klimaziele zu erreichen.<\/p>\n\n\n\n<p class=\"has-text-color\" id=\"ermutigung-auf-basis-unigraz\" style=\"color:#558335\"><br><strong><em>Und eine Ermutigung &#8211; wenn wir es k\u00f6nnen, k\u00f6nnen Sie es auch!<\/em><\/strong><\/p>\n\n\n\n<p><strong>Wir an der <a href=\"http:\/\/www.uni-graz.at\" data-type=\"URL\" data-id=\"http:\/\/www.uni-graz.at\" target=\"_blank\" rel=\"noreferrer noopener\">Universit\u00e4t Graz<\/a><\/strong>, eine Forschungs- und Bildungseinrichtung mit rund 4500 Mitarbeiter:innen und 26000 Studierenden in \u00d6sterreich, <strong>konzipierten und entwickeln den CM-Ansatz nicht nur f\u00fcr andere, sondern sehen uns auch selbst in der Verantwortung<\/strong>. Seit 2020 setzen wir <a href=\"https:\/\/wegcwp.uni-graz.at\/carbmanage\/de\/wecarb-icm-de\/\" data-type=\"URL\" data-id=\"https:\/\/wegcwp.uni-graz.at\/carbmanage\/de\/wecarb-icm-de\/\">Institutional Carbon Management (ICM)<\/a> im eigenen Haus um (<a href=\"https:\/\/klimaneutral.uni-graz.at\" target=\"_blank\" rel=\"noreferrer noopener\">ICM UniGraz|klimaneutral.uni-graz.at<\/a>) und <strong>nutzen das Konzept und die Werkzeuge von ICM selbst in der Praxis<\/strong>, in Synergie mit unserer laufenden CM-Forschung. Zusammen mit <a href=\"https:\/\/wegcenter.uni-graz.at\/de\/unsere-forschung\/arsclisys\/carbmanage\/team\/#c630294\" target=\"_blank\" rel=\"noreferrer noopener\">CM-Verbreitungs-Partnern<\/a> unterst\u00fctzen wir auch andere bei der Umsetzung von <a href=\"https:\/\/wegcwp.uni-graz.at\/carbmanage\/de\/wecarb-icm-de\/\">ICM<\/a> und <a href=\"https:\/\/wegcwp.uni-graz.at\/carbmanage\/de\/pubcarb-pcm-de\/\" data-type=\"URL\" data-id=\"https:\/\/wegcwp.uni-graz.at\/carbmanage\/de\/pubcarb-pcm-de\/\">Public Carbon Management (PCM)<\/a> und erm\u00f6glichen innovative <a href=\"https:\/\/wegcwp.uni-graz.at\/carbmanage\/de\/youcarb-pcm-de\/\" data-type=\"URL\" data-id=\"https:\/\/wegcwp.uni-graz.at\/carbmanage\/de\/youcarb-pcm-de\/\">Personal Carbon Management (pCM)<\/a> Services.<\/p>\n\n\n\n<p>Erg\u00e4nzend starteten und entwickeln wir, <strong>zur Kontextinformation und zus\u00e4tzlichen Motivation<\/strong>, <strong>das Graz Climate Change Indicators Portal <a href=\"https:\/\/gcci.earth\/de\" target=\"_blank\" rel=\"noreferrer noopener\">GCCI.Earth|ClimateTracer.Earth<\/a><\/strong>. Dieses Datenportal bietet verl\u00e4ssliche Monitoring-Informationen zur j\u00fcngsten Vergangenheit, zusammen mit aktuellen Prognose-Informationen und Paris-konformen Zukunftsprojektionen, \u00fcber den kritischen Zeitraum von 1960 \u00fcber die Gegenwart bis 2050. Dabei liegt der Fokus auf <strong>Treibhausgas-Emissionen<\/strong> (<a href=\"https:\/\/gcci.earth\/de\/global\/gem\" target=\"_blank\" rel=\"noreferrer noopener\">&#8220;Emissionen&#8221;<\/a>), der <strong>Globalen Erw\u00e4rmung<\/strong> (<a href=\"https:\/\/gcci.earth\/de\/global\/cwm\/\" target=\"_blank\" rel=\"noreferrer noopener\">&#8220;Erw\u00e4rmung&#8221;<\/a>) und den Auswirkungen des Klimawandels in Form von <strong>Wetter- und Klimaextremen<\/strong> (<a href=\"https:\/\/gcci.earth\/de\/europe\/ewm\/\" target=\"_blank\" rel=\"noreferrer noopener\">&#8220;Extreme&#8221;<\/a>; Release im Fr\u00fchjahr 2025).<\/p>\n\n\n\n<p><strong>Indem wir so als Vorbild und Informationsquelle agieren, m\u00f6chten wir<\/strong> als innovative Vorreiterin in Forschung und Praxis dienen. Auf diese Weise wollen wir auch <strong>weitere Einrichtungen auf allen Ebenen ermutigen und unterst\u00fctzen<\/strong> (weitere \u00f6ffentliche aber auch private Unternehmen und Organisationen sowie Einzelpersonen und deren Netzwerke), <strong>ihre Paris-konformen Klimaziele zu erreichen<\/strong> \u2013 dank professionellem Klimaschutz-Management mit dem CM-Ansatz.<\/p>\n\n\n\n<p><strong>Der Webspace ist seit 2021 online und wird wiederholt aktualisiert \u2013 bleiben Sie dran.<\/strong><\/p>\n\n\n\n<p id=\"go-up-cm-home\"><a href=\"#go-up-cm-home-de\" data-type=\"internal\" data-id=\"#go-up-cm-home-de\">Zur\u00fcck nach oben<\/a><\/p>\n","protected":false},"excerpt":{"rendered":"<p>Willkommen auf CarbManage.Earth! Dieser Webspace wird vom Wegener Center der Universit\u00e4t Graz im Rahmen ihres Profilbildenden Bereichs Climate Change Graz betrieben. Er dient als Plattform f\u00fcr Informationen und Austausch zu Carbon Management (CM), einem neuen L\u00f6sungsansatz f\u00fcr wirksames Klimaschutz-Management.CM unterst\u00fctzt<\/p>\n","protected":false},"author":6,"featured_media":0,"parent":0,"menu_order":0,"comment_status":"closed","ping_status":"closed","template":"","meta":{"footnotes":""},"class_list":["post-502","page","type-page","status-publish","hentry"],"_links":{"self":[{"href":"https:\/\/wegcwp.uni-graz.at\/carbmanage\/wp-json\/wp\/v2\/pages\/502","targetHints":{"allow":["GET"]}}],"collection":[{"href":"https:\/\/wegcwp.uni-graz.at\/carbmanage\/wp-json\/wp\/v2\/pages"}],"about":[{"href":"https:\/\/wegcwp.uni-graz.at\/carbmanage\/wp-json\/wp\/v2\/types\/page"}],"author":[{"embeddable":true,"href":"https:\/\/wegcwp.uni-graz.at\/carbmanage\/wp-json\/wp\/v2\/users\/6"}],"replies":[{"embeddable":true,"href":"https:\/\/wegcwp.uni-graz.at\/carbmanage\/wp-json\/wp\/v2\/comments?post=502"}],"version-history":[{"count":133,"href":"https:\/\/wegcwp.uni-graz.at\/carbmanage\/wp-json\/wp\/v2\/pages\/502\/revisions"}],"predecessor-version":[{"id":1322,"href":"https:\/\/wegcwp.uni-graz.at\/carbmanage\/wp-json\/wp\/v2\/pages\/502\/revisions\/1322"}],"wp:attachment":[{"href":"https:\/\/wegcwp.uni-graz.at\/carbmanage\/wp-json\/wp\/v2\/media?parent=502"}],"curies":[{"name":"wp","href":"https:\/\/api.w.org\/{rel}","templated":true}]}}