{"id":855,"date":"2021-05-10T12:29:48","date_gmt":"2021-05-10T12:29:48","guid":{"rendered":"https:\/\/wegcwp.uni-graz.at\/carbmanage\/?page_id=855"},"modified":"2021-05-11T09:25:19","modified_gmt":"2021-05-11T09:25:19","slug":"video-de","status":"publish","type":"page","link":"https:\/\/wegcwp.uni-graz.at\/carbmanage\/de\/video-de\/","title":{"rendered":"Pr\u00e4sentationsvideo"},"content":{"rendered":"\n<p>Das CM Pr\u00e4sentations-Video in Deutsch (DE) ist via <a rel=\"noreferrer noopener\" href=\"https:\/\/unitube.uni-graz.at\/play\/02cd4e70-0962-4b2a-b8a6-297e76376150\" data-type=\"URL\" data-id=\"https:\/\/unitube.uni-graz.at\/play\/02cd4e70-0962-4b2a-b8a6-297e76376150\" target=\"_blank\"><strong>UniTube<\/strong><\/a> verf\u00fcgbar: <\/p>\n\n\n\n<figure class=\"wp-block-image size-large\"><a href=\"https:\/\/unitube.uni-graz.at\/play\/02cd4e70-0962-4b2a-b8a6-297e76376150\" target=\"_blank\" rel=\"noopener\"><img loading=\"lazy\" decoding=\"async\" width=\"400\" height=\"225\" src=\"http:\/\/wegcwp.uni-graz.at\/carbmanage\/wp-content\/uploads\/sites\/8\/2021\/05\/CMIntroPres2021_RB1_DE_Kirc_27Apr2021_playersmall.jpg\" alt=\"\" class=\"wp-image-860\" srcset=\"https:\/\/wegcwp.uni-graz.at\/carbmanage\/wp-content\/uploads\/sites\/8\/2021\/05\/CMIntroPres2021_RB1_DE_Kirc_27Apr2021_playersmall.jpg 400w, https:\/\/wegcwp.uni-graz.at\/carbmanage\/wp-content\/uploads\/sites\/8\/2021\/05\/CMIntroPres2021_RB1_DE_Kirc_27Apr2021_playersmall-300x169.jpg 300w\" sizes=\"auto, (max-width: 400px) 100vw, 400px\" \/><\/a><\/figure>\n\n\n\n<p>Die Foliensammlung (pdf) zum Download finden Sie <a rel=\"noreferrer noopener\" href=\"https:\/\/wegccloud.uni-graz.at\/s\/WXpdGtG2742jMyi\" data-type=\"URL\" data-id=\"https:\/\/wegccloud.uni-graz.at\/s\/WXpdGtG2742jMyi\" target=\"_blank\"><strong>hier<\/strong><\/a>.<\/p>\n\n\n\n<p>Zur\u00fcck zu <a href=\"https:\/\/wegcwp.uni-graz.at\/carbmanage\/de\/cm-de\/\" data-type=\"page\" data-id=\"502\"><strong>CM Home<\/strong><\/a>.<\/p>\n\n\n\n<p><\/p>\n","protected":false},"excerpt":{"rendered":"<p>Das CM Pr\u00e4sentations-Video in Deutsch (DE) ist via UniTube verf\u00fcgbar: Die Foliensammlung (pdf) zum Download finden Sie hier. Zur\u00fcck zu CM Home.<\/p>\n","protected":false},"author":6,"featured_media":0,"parent":0,"menu_order":0,"comment_status":"closed","ping_status":"closed","template":"","meta":{"footnotes":""},"class_list":["post-855","page","type-page","status-publish","hentry"],"_links":{"self":[{"href":"https:\/\/wegcwp.uni-graz.at\/carbmanage\/wp-json\/wp\/v2\/pages\/855","targetHints":{"allow":["GET"]}}],"collection":[{"href":"https:\/\/wegcwp.uni-graz.at\/carbmanage\/wp-json\/wp\/v2\/pages"}],"about":[{"href":"https:\/\/wegcwp.uni-graz.at\/carbmanage\/wp-json\/wp\/v2\/types\/page"}],"author":[{"embeddable":true,"href":"https:\/\/wegcwp.uni-graz.at\/carbmanage\/wp-json\/wp\/v2\/users\/6"}],"replies":[{"embeddable":true,"href":"https:\/\/wegcwp.uni-graz.at\/carbmanage\/wp-json\/wp\/v2\/comments?post=855"}],"version-history":[{"count":3,"href":"https:\/\/wegcwp.uni-graz.at\/carbmanage\/wp-json\/wp\/v2\/pages\/855\/revisions"}],"predecessor-version":[{"id":867,"href":"https:\/\/wegcwp.uni-graz.at\/carbmanage\/wp-json\/wp\/v2\/pages\/855\/revisions\/867"}],"wp:attachment":[{"href":"https:\/\/wegcwp.uni-graz.at\/carbmanage\/wp-json\/wp\/v2\/media?parent=855"}],"curies":[{"name":"wp","href":"https:\/\/api.w.org\/{rel}","templated":true}]}}