{"id":24,"date":"2022-11-30T12:40:48","date_gmt":"2022-11-30T12:40:48","guid":{"rendered":"https:\/\/wegcwp.uni-graz.at\/discc-at\/?page_id=24"},"modified":"2026-01-14T13:09:47","modified_gmt":"2026-01-14T12:09:47","slug":"outcomes","status":"publish","type":"page","link":"https:\/\/wegcwp.uni-graz.at\/discc-at\/outcomes\/","title":{"rendered":"Outcomes"},"content":{"rendered":"\n<h2 class=\"wp-block-heading\">Peer reviewed journal publications<\/h2>\n\n\n\n<p>Lemke, L. K.-G., Beier, J., &amp; Hanger-Kopp, S. (2024). Exploring procedural justice in stakeholder identification using a systematic mapping approach. <em>Environmental Science &amp; Policy<\/em>, <em>162<\/em>, 103900. <a href=\"https:\/\/doi.org\/10.1016\/j.envsci.2024.103900\">https:\/\/doi.org\/10.1016\/j.envsci.2024.103900<\/a><\/p>\n\n\n\n<p>Moshammer, H., Jury, M., Hutter, H.-P., Wallner, P., Moshammer, H., Jury, M., Hutter, H.-P., &amp; Wallner, P. (2026). Determinants of Spatial Variation in Vulnerability to Extreme Temperatures in Austria from 1970 to 2020. <em>Climate<\/em>, <em>14<\/em>(1). <a href=\"https:\/\/doi.org\/10.3390\/cli14010016\">https:\/\/doi.org\/10.3390\/cli14010016<\/a><br><\/p>\n\n\n\n<h2 class=\"wp-block-heading\">Working papers<\/h2>\n\n\n\n<p>Working paper #1: Wallner, P. and Moshammer, H. (2023). <a href=\"https:\/\/wegcwp.uni-graz.at\/discc-at\/wp-content\/uploads\/sites\/10\/2023\/10\/working_paper1_merged.pdf\">Social Vulnerability and Heat: Systematic Literature Search and Narrative Synthesis.<\/a><\/p>\n\n\n\n<p>Working paper #2: Moshammer, H. (2023). <a href=\"https:\/\/wegcwp.uni-graz.at\/discc-at\/wp-content\/uploads\/sites\/10\/2024\/03\/DISCC-AT_working_paper_2_merged.pdf\">District characteristics predicting vulnerability to heat.<\/a><\/p>\n\n\n\n<p>Working paper #3: Tesselaar, M., Tiggeloven, T., Botzen W.J.W. (2024). <a href=\"https:\/\/wegcwp.uni-graz.at\/discc-at\/wp-content\/uploads\/sites\/10\/2024\/03\/DISCC-AT_working_paper_3_merged.pdf\">Social flood risk in Austria: assessing flood risk using detailed projections of socioeconomic vulnerability.<\/a><\/p>\n\n\n\n<p>Working paper #4: Preinfalk, E., Beier, J., Hanger-Kopp, S., Bachner, G. (2026). <a href=\"http:\/\/wegcwp.uni-graz.at\/discc-at\/wp-content\/uploads\/sites\/10\/2026\/01\/DISCC-AT_working_paper_4_title_page-kombiniert.pdf\">Characterizing differential climate vulnerability: A mixed-methods approach for heat related risk in Austria.<\/a> (preprint &#8211; under review)<\/p>\n\n\n\n<p>Working paper #5: Tesselaar, M., Botzen W.J.W. (2025). <a href=\"https:\/\/wegcwp.uni-graz.at\/discc-at\/wp-content\/uploads\/sites\/10\/2025\/01\/DISCC-AT_working_paper_5_title_page-combined.pdf\" data-type=\"attachment\" data-id=\"420\">Inequality in Flood Insurance Arrangements to Finance Flood Recovery under Climate Change.<\/a><\/p>\n\n\n\n<p>Working paper #6: Preinfalk, E., Bachner, G., Spreading the risk, sharing the burden \u2013 A macroeconomic assessment of the distributional effects of flood risk financing schemes. (working paper in preparation)<\/p>\n\n\n\n<h2 class=\"wp-block-heading\">Reports<\/h2>\n\n\n\n<p>Jury, M., Maraun, D., Schellander-Gorgas, T., Tilg A.-M. (2024), <a href=\"https:\/\/wegccloud.uni-graz.at\/s\/Wj59BXEGZTctpJE\" target=\"_blank\" rel=\"noreferrer noopener\">\u00d6KS15 \u2013 Humidity<\/a>, Wegener Center Scientific Report No. 105-2024. Wegener Center Verlag, ISBN 978-3-9505053-4-4<\/p>\n\n\n\n<p><\/p>\n\n\n\n<h2 class=\"wp-block-heading\">Factsheets<\/h2>\n\n\n\n<p>CCCA Factsheet #52: <a href=\"https:\/\/ccca.ac.at\/fileadmin\/00_DokumenteHauptmenue\/02_Klimawissen\/FactSheets\/52_hitze_vulnerabilitaet_202504.pdf\">Unterschiede in der Hitze-\u00dcbersterblichkeit: \u00dcbersicht und Analysen f\u00fcr \u00d6sterreich<\/a> (by Hanns Moshammer und Peter Wallner)<\/p>\n\n\n\n<p>CCCA Factsheet #53: <a href=\"https:\/\/ccca.ac.at\/fileadmin\/00_DokumenteHauptmenue\/02_Klimawissen\/FactSheets\/53_social_vulnerability__202505.pdf\" target=\"_blank\" rel=\"noreferrer noopener\">Social vulnerability to flood risk and the impact of climate change in Austria<\/a> (by Max Tesselaar)<\/p>\n\n\n\n<p>CCCA Factsheet #54:<a href=\"https:\/\/ccca.ac.at\/fileadmin\/00_DokumenteHauptmenue\/02_Klimawissen\/FactSheets\/54_flood_damage__202505.pdf\" target=\"_blank\" rel=\"noreferrer noopener\">The distributional impact of flood damage compensation policy in Austria<\/a> (by Max Tesselaar)<\/p>\n\n\n\n<p>CCCA Factsheet #58: <a href=\"https:\/\/ccca.ac.at\/fileadmin\/00_DokumenteHauptmenue\/02_Klimawissen\/FactSheets\/58_hitzerisiko_20251112.pdf\">Hitzerisiko greifbar machen &#8211; Profile der Mehrfachbelastung und Implikationen f\u00fcr sozial gerechte Anpassung<\/a> (by Julia Beier, Eva Preinfalk and Susanne Hanger-Kopp)<\/p>\n\n\n\n<h2 class=\"wp-block-heading\">Presentations<\/h2>\n\n\n\n<p>Gabriel Bachner &amp; Eva Preinfalk (2025). <a href=\"http:\/\/wegcwp.uni-graz.at\/discc-at\/wp-content\/uploads\/sites\/10\/2025\/09\/Bachner-and-Preinfalk-Distributional-effects-of-current-and-future-flood-risk.pdf\">Revealing the distributional effects of current and future flood risk under climate change in Austria<\/a>. EcoMod Conference, September 3-5, 2025. Stuttgart, Germany.<\/p>\n\n\n\n<p>Hanns Moshammer, Peter Wallner, Martin Jury (2025). <a href=\"http:\/\/wegcwp.uni-graz.at\/discc-at\/wp-content\/uploads\/sites\/10\/2025\/06\/DOSCH_Poster_A0_hoch.pdf\">Development of future annual deaths due to heat and cold in Austria.<\/a> <em>Dosch Symposium<\/em>, June 2-4, 2025. Velden, Austria.<\/p>\n\n\n\n<p>Julia Beier &amp; Eva Preinfalk (2025). <a href=\"https:\/\/wegcwp.uni-graz.at\/discc-at\/wp-content\/uploads\/sites\/10\/2025\/01\/Vortrag-1-Hitzerisikoprofile-Beier-Preinfalk.pdf\" data-type=\"attachment\" data-id=\"409\">Wer, wo und warum? Hitzerisikoprofile in \u00d6sterreich heute und in Zukunft<\/a>. Webinar &#8220;Verteilungseffekte des Klimawandels in \u00d6sterreich&#8221;. 28.01.2025, Online.<\/p>\n\n\n\n<p>Max Tesselaar &amp; Eva Preinfalk (2025). <a href=\"https:\/\/wegcwp.uni-graz.at\/discc-at\/wp-content\/uploads\/sites\/10\/2025\/01\/Vortrag-4-Hochwasser-Tesselaar-Preinfalk.pdf\" data-type=\"attachment\" data-id=\"412\">Soziale Dimensionen des Hochwasserrisikos<\/a>. Webinar &#8220;Verteilungseffekte des Klimawandels in \u00d6sterreich&#8221;. 28.01.2025, Online.<\/p>\n\n\n\n<p>Thomas Thaler et al. (2025). <a href=\"https:\/\/wegcwp.uni-graz.at\/discc-at\/wp-content\/uploads\/sites\/10\/2025\/01\/Vortrag-2-Vulnerabilitat-Thaler.pdf\" data-type=\"attachment\" data-id=\"423\">Gegenw\u00e4rtige und zuk\u00fcnftige soziale Vulnerabilit\u00e4t gegen\u00fcber Hitze<\/a>. Webinar &#8220;Verteilungseffekte des Klimawandels in \u00d6sterreich&#8221;. 28.01.2025, Online. [aus <a href=\"https:\/\/urbanheat.boku.ac.at\/\">Projekt UrbanHeatEquality<\/a>]<\/p>\n\n\n\n<p>Maximilian Muhr et al. (2025). <a href=\"https:\/\/wegcwp.uni-graz.at\/discc-at\/wp-content\/uploads\/sites\/10\/2025\/01\/Vortrag-3-Facetten-der-Vulnerabilitat-Muhr.pdf\" data-type=\"attachment\" data-id=\"411\">Facetten der Vulnerabilit\u00e4t &#8211; Bed\u00fcrfnisse, Pr\u00e4ferenzen und Beteiligungsm\u00f6glichkeiten hitzevulnerabler Gruppen in Wien<\/a>. Webinar \u201cVerteilungseffekte des Klimawandels in \u00d6sterreich\u201c. 28.01.2025, Online. [aus <a href=\"https:\/\/urbanheat.boku.ac.at\/\">Projekt UrbanHeatEquality<\/a>]<\/p>\n\n\n\n<p><\/p>\n\n\n\n<h2 class=\"wp-block-heading\">Data<\/h2>\n\n\n\n<p>Marbler, A. (2024). Pop-AUT: Subnational SSP Population Projections for Austria (Version 1.0) [Data set]. Zenodo. <a href=\"https:\/\/doi.org\/10.5281\/zenodo.10477870\" target=\"_blank\" rel=\"noreferrer noopener\">https:\/\/doi.org\/10.5281\/zenodo.10477870<\/a><br>This dataset can also be accessed via an <a href=\"https:\/\/wegcshiny.uni-graz.at\/alm\/DISCC-AT\/\">interactive SSP population explorer for Austria <\/a><\/p>\n\n\n\n<p>Jury, M., Maraun, D., Schellander-Gorgas, T., Tilg, A.-M., (2024). DISCC-AT: Change Signal of Humidity and Heat Indices. <a href=\"https:\/\/doi.org\/10.60669\/C53F-WJ17\">https:\/\/doi.org\/10.60669\/C53F-WJ17<\/a>&nbsp;&nbsp;<\/p>\n\n\n\n<p>Jury, M., Maraun, D., Schellander-Gorgas, T., Tilg, A.-M., (2024). DISCC-AT: Bias Corrected Humidity and Heat Indices. <a href=\"https:\/\/doi.org\/10.60669\/GBDV-GQ54\">https:\/\/doi.org\/10.60669\/GBDV-GQ54<\/a>&nbsp;<\/p>\n\n\n\n<p>Jury, M., Maraun, D., Schellander-Gorgas, T., Tilg, A.-M., (2024). DISCC-AT: Change Signal of Humidity and Heat Indices using IPCC periods. <a href=\"https:\/\/doi.org\/10.60669\/4PDG-5460\">https:\/\/doi.org\/10.60669\/4PDG-5460<\/a><\/p>\n\n\n\n<p><\/p>\n\n\n\n<h2 class=\"wp-block-heading\">Other output<\/h2>\n\n\n\n<p><a href=\"https:\/\/wegcshiny.uni-graz.at\/alm\/DISCC-AT\/HREX\" data-type=\"link\" data-id=\"https:\/\/wegcshiny.uni-graz.at\/alm\/DISCC-AT\/HREX\"><strong>Heat risk explorer<\/strong><\/a>: \u00d6sterreichischer Hitzerisiko-Explorer v1.0 <a href=\"https:\/\/hrex.discc.at\">https:\/\/hrex.discc.at<\/a><\/p>\n\n\n\n<p><strong><a rel=\"noreferrer noopener\" href=\"https:\/\/wegcwp.uni-graz.at\/discc-at\/wp-content\/uploads\/sites\/10\/2023\/07\/map_sh-scaled.jpg\" target=\"_blank\">Stakeholder map<\/a><\/strong> (in German): A graphical representation of stakeholders in the DISCC-AT project illustrates a selection of organizations in Austria that are concerned with social vulnerability to heat and floods. <a href=\"https:\/\/wegcwp.uni-graz.at\/discc-at\/stakeholder-interaction\/\">Details<\/a><\/p>\n\n\n\n<p><strong><a rel=\"noreferrer noopener\" href=\"https:\/\/wegcwp.uni-graz.at\/discc-at\/wp-content\/uploads\/sites\/10\/2023\/07\/vuln_map.jpg\" target=\"_blank\">Overview of vulnerability<\/a><\/strong> (in German): An overview of attributes of social vulnerability related to heat and floods, based on literature from Austria and, partially, considering European insights. <a href=\"https:\/\/wegcwp.uni-graz.at\/discc-at\/stakeholder-interaction\/\">Details<\/a><\/p>\n","protected":false},"excerpt":{"rendered":"<p>Peer reviewed journal publications Lemke, L. K.-G., Beier, J., &amp; Hanger-Kopp, S. (2024). Exploring procedural justice in stakeholder identification using a systematic mapping approach. Environmental Science &amp; Policy, 162, 103900. https:\/\/doi.org\/10.1016\/j.envsci.2024.103900 Moshammer, H., Jury, M., Hutter, H.-P., Wallner, P., Moshammer,<\/p>\n","protected":false},"author":17,"featured_media":0,"parent":0,"menu_order":0,"comment_status":"closed","ping_status":"closed","template":"","meta":{"footnotes":""},"class_list":["post-24","page","type-page","status-publish","hentry"],"_links":{"self":[{"href":"https:\/\/wegcwp.uni-graz.at\/discc-at\/wp-json\/wp\/v2\/pages\/24","targetHints":{"allow":["GET"]}}],"collection":[{"href":"https:\/\/wegcwp.uni-graz.at\/discc-at\/wp-json\/wp\/v2\/pages"}],"about":[{"href":"https:\/\/wegcwp.uni-graz.at\/discc-at\/wp-json\/wp\/v2\/types\/page"}],"author":[{"embeddable":true,"href":"https:\/\/wegcwp.uni-graz.at\/discc-at\/wp-json\/wp\/v2\/users\/17"}],"replies":[{"embeddable":true,"href":"https:\/\/wegcwp.uni-graz.at\/discc-at\/wp-json\/wp\/v2\/comments?post=24"}],"version-history":[{"count":37,"href":"https:\/\/wegcwp.uni-graz.at\/discc-at\/wp-json\/wp\/v2\/pages\/24\/revisions"}],"predecessor-version":[{"id":460,"href":"https:\/\/wegcwp.uni-graz.at\/discc-at\/wp-json\/wp\/v2\/pages\/24\/revisions\/460"}],"wp:attachment":[{"href":"https:\/\/wegcwp.uni-graz.at\/discc-at\/wp-json\/wp\/v2\/media?parent=24"}],"curies":[{"name":"wp","href":"https:\/\/api.w.org\/{rel}","templated":true}]}}