{"id":623,"date":"2024-11-28T17:20:23","date_gmt":"2024-11-28T17:20:23","guid":{"rendered":"https:\/\/wegcwp.uni-graz.at\/integrate\/?page_id=623"},"modified":"2025-11-14T13:55:53","modified_gmt":"2025-11-14T13:55:53","slug":"publications","status":"publish","type":"page","link":"https:\/\/wegcwp.uni-graz.at\/integrate\/publications\/","title":{"rendered":"Publications"},"content":{"rendered":"\n<p>Klimaneutralit\u00e4t und Kreislaufwirtschaft: ein integrierter Ansatz<br><a href=\"http:\/\/wegcwp.uni-graz.at\/integrate\/wp-content\/uploads\/sites\/11\/2024\/11\/Steininger-et-al.-2024_Klimaneutralitaet-und-Kreislaufwirtschaft.pdf\">INTEGRATE Project Brief November 2024<\/a><\/p>\n\n\n\n<p>Lininger, Christian et al., Wasserstoff f\u00fcr die Energiewende: Gro\u00dfe Unsicherheiten \u00fcber Bedarf, voraussichtlich Engp\u00e4sse bei Bereitstellung. <a href=\"http:\/\/wegcwp.uni-graz.at\/integrate\/wp-content\/uploads\/sites\/11\/2024\/06\/INTEGRATE-Diskussionspapier_Wasserstoff-fuer-die-Energiewende_Juni2024.pdf\">INTEGRATE Diskussionspapier Juni 2024<\/a><\/p>\n\n\n\n<p>Glas, Natalie et al. (2025), <a href=\"https:\/\/wegcwp.uni-graz.at\/integrate\/wp-content\/uploads\/sites\/11\/2025\/06\/Glas_Mestel_Steininger_Bankarchiv.pdf\" data-type=\"attachment\" data-id=\"673\">Instrumente f\u00fcr nachhaltige Finanzierungen in KMU und Handlungsempfehlungen zur erfolgreichen Umsetzung im Markt<\/a>. Erstver\u00f6ffentlichung in: BankArchiv \u2013 Zeitschrift f\u00fcr das gesamte Bank- und B\u00f6rsenwesen, 73. Jahrgang, Mai 2025, S. 346-355.<\/p>\n\n\n\n<p>Vogel, Johanna et al. (2025),&nbsp;&nbsp;<a href=\"https:\/\/www.umweltbundesamt.at\/fileadmin\/site\/publikationen\/rep0965.pdf\">Policies for the Transition to a climate-neutral circular economy &#8211;&nbsp;A spotlight on innovation in Austrian industry<\/a>. <\/p>\n\n\n\n<p>Alaux, N., Kulmer, V., Vogel, J. and Passer, A. (2025), Preserving buildings: emission reductions from circular economy strategies in Austria. <em>Buildings and Cities<\/em>, 6(1), p. 881\u2013898. Available at: <a href=\"https:\/\/doi.org\/10.5334\/bc.676\">https:\/\/doi.org\/10.5334\/bc.676<\/a><\/p>\n\n\n\n<p>Alaux et al. (2024), A Need for Sufficiency in the Built Environment: <a href=\"http:\/\/wegcwp.uni-graz.at\/integrate\/wp-content\/uploads\/sites\/11\/2024\/12\/Alaux_2024_IOP_Conf._Ser.__Earth_Environ._Sci._1363_012002.pdf\" data-type=\"link\" data-id=\"http:\/\/wegcwp.uni-graz.at\/integrate\/wp-content\/uploads\/sites\/11\/2024\/12\/Alaux_2024_IOP_Conf._Ser.__Earth_Environ._Sci._1363_012002.pdf\">Prospective Life Cycle Assessment of the Austrian Building Stock<\/a>.<\/p>\n\n\n\n<p>Tosatto, A., and Ochs, F. (2024),&nbsp;<a href=\"http:\/\/wegcwp.uni-graz.at\/integrate\/wp-content\/uploads\/sites\/11\/2024\/12\/Tosatto-et-al.-2024-Journal-of-Energy-Storage.pdf\" data-type=\"link\" data-id=\"http:\/\/wegcwp.uni-graz.at\/integrate\/wp-content\/uploads\/sites\/11\/2024\/12\/Tosatto-et-al.-2024-Journal-of-Energy-Storage.pdf\">Performance comparison of large-scale thermal energy storage and hydrogen as seasonal storage for achieving energy autarky in residential districts with different renovation levels<\/a>. <\/p>\n\n\n\n<p><br>Tosatto, Alice et al. (2023),&nbsp;<a href=\"http:\/\/wegcwp.uni-graz.at\/integrate\/wp-content\/uploads\/sites\/11\/2024\/12\/IBPSA2023_Shanghai.pdf\" data-type=\"link\" data-id=\"http:\/\/wegcwp.uni-graz.at\/integrate\/wp-content\/uploads\/sites\/11\/2024\/12\/IBPSA2023_Shanghai.pdf\">Methodology for the calculation of energy scenarios to achieve carbon neutrality in the building stock, September<\/a>. <\/p>\n\n\n\n<p>Ochs et al. (2023),&nbsp;<a href=\"http:\/\/wegcwp.uni-graz.at\/integrate\/wp-content\/uploads\/sites\/11\/2024\/12\/HPC2023_Full_Paper_FO_20221127_final.pdf\" data-type=\"link\" data-id=\"http:\/\/wegcwp.uni-graz.at\/integrate\/wp-content\/uploads\/sites\/11\/2024\/12\/HPC2023_Full_Paper_FO_20221127_final.pdf\">Strategies to overcome the dilemma in renovating and integrating HPs and RE into the building stock.<\/a> <\/p>\n\n\n\n<p><\/p>\n\n\n\n<p><\/p>\n","protected":false},"excerpt":{"rendered":"<p>Klimaneutralit\u00e4t und Kreislaufwirtschaft: ein integrierter AnsatzINTEGRATE Project Brief November 2024 Lininger, Christian et al., Wasserstoff f\u00fcr die Energiewende: Gro\u00dfe Unsicherheiten \u00fcber Bedarf, voraussichtlich Engp\u00e4sse bei Bereitstellung. INTEGRATE Diskussionspapier Juni 2024 Glas, Natalie et al. (2025), Instrumente f\u00fcr nachhaltige Finanzierungen in<\/p>\n","protected":false},"author":21,"featured_media":0,"parent":0,"menu_order":5,"comment_status":"closed","ping_status":"closed","template":"","meta":{"_acf_changed":false,"footnotes":""},"class_list":["post-623","page","type-page","status-publish","hentry"],"acf":[],"_links":{"self":[{"href":"https:\/\/wegcwp.uni-graz.at\/integrate\/wp-json\/wp\/v2\/pages\/623","targetHints":{"allow":["GET"]}}],"collection":[{"href":"https:\/\/wegcwp.uni-graz.at\/integrate\/wp-json\/wp\/v2\/pages"}],"about":[{"href":"https:\/\/wegcwp.uni-graz.at\/integrate\/wp-json\/wp\/v2\/types\/page"}],"author":[{"embeddable":true,"href":"https:\/\/wegcwp.uni-graz.at\/integrate\/wp-json\/wp\/v2\/users\/21"}],"replies":[{"embeddable":true,"href":"https:\/\/wegcwp.uni-graz.at\/integrate\/wp-json\/wp\/v2\/comments?post=623"}],"version-history":[{"count":16,"href":"https:\/\/wegcwp.uni-graz.at\/integrate\/wp-json\/wp\/v2\/pages\/623\/revisions"}],"predecessor-version":[{"id":680,"href":"https:\/\/wegcwp.uni-graz.at\/integrate\/wp-json\/wp\/v2\/pages\/623\/revisions\/680"}],"wp:attachment":[{"href":"https:\/\/wegcwp.uni-graz.at\/integrate\/wp-json\/wp\/v2\/media?parent=623"}],"curies":[{"name":"wp","href":"https:\/\/api.w.org\/{rel}","templated":true}]}}